{"id":777,"date":"2020-05-22T11:58:56","date_gmt":"2020-05-22T09:58:56","guid":{"rendered":"https:\/\/gi.chgraf.com\/services\/"},"modified":"2020-11-25T17:35:14","modified_gmt":"2020-11-25T16:35:14","slug":"services","status":"publish","type":"page","link":"https:\/\/gi.chgraf.com\/en\/services\/","title":{"rendered":"Services"},"content":{"rendered":"<p>[et_pb_section fb_built=&#8221;1&#8243; next_background_color=&#8221;#defbff&#8221; _builder_version=&#8221;4.6.6&#8243; _module_preset=&#8221;default&#8221; background_video_mp4=&#8221;https:\/\/gi.chgraf.com\/wp-content\/uploads\/2020\/06\/innovate_1400x600.mp4&#8243; bottom_divider_style=&#8221;slant2&#8243; bottom_divider_flip=&#8221;horizontal&#8221;][et_pb_row _builder_version=&#8221;4.6.6&#8243; _module_preset=&#8221;default&#8221;][et_pb_column type=&#8221;4_4&#8243; _builder_version=&#8221;4.6.6&#8243; _module_preset=&#8221;default&#8221;][et_pb_text _builder_version=&#8221;4.7.4&#8243; _module_preset=&#8221;default&#8221; background_layout=&#8221;dark&#8221; hover_enabled=&#8221;0&#8243; sticky_enabled=&#8221;0&#8243;]<\/p>\n<h1>Leistungen<\/h1>\n<p>[\/et_pb_text][\/et_pb_column][\/et_pb_row][\/et_pb_section][et_pb_section fb_built=&#8221;1&#8243; next_background_color=&#8221;#003c4d&#8221; _builder_version=&#8221;4.6.6&#8243; background_color=&#8221;#defbff&#8221; bottom_divider_style=&#8221;slant2&#8243; bottom_divider_flip=&#8221;horizontal&#8221;][et_pb_row _builder_version=&#8221;4.4.7&#8243; custom_margin=&#8221;0px||0px||false|false&#8221; custom_padding=&#8221;0px||||false|false&#8221;][et_pb_column type=&#8221;4_4&#8243; _builder_version=&#8221;4.4.7&#8243;][et_pb_text _builder_version=&#8221;4.7.4&#8243; text_orientation=&#8221;center&#8221; hover_enabled=&#8221;0&#8243; sticky_enabled=&#8221;0&#8243;]<\/p>\n<h1>Unsere Arbeitsphilosophie<\/h1>\n<p>[\/et_pb_text][\/et_pb_column][\/et_pb_row][et_pb_row column_structure=&#8221;1_3,1_3,1_3&#8243; _builder_version=&#8221;4.4.6&#8243; custom_padding=&#8221;||61px||false|false&#8221;][et_pb_column type=&#8221;1_3&#8243; _builder_version=&#8221;4.4.6&#8243;][et_pb_blurb title=&#8221;Innovation durch Kollaboration&#8221; use_icon=&#8221;on&#8221; font_icon=&#8221;%%710%%&#8221; _builder_version=&#8221;4.7.4&#8243; header_level=&#8221;h2&#8243; text_orientation=&#8221;center&#8221; hover_enabled=&#8221;0&#8243; sticky_enabled=&#8221;0&#8243;]<\/p>\n<p>St\u00e4rkung und Ausbau von Cross-sektoraler Innovation und\u00a0internationalen transdisziplin\u00e4ren Kollaborationen zwischen verschiedensten stakeholdern,\u00a0K\u00fcnstler*innen, Innovator*innen, communities sowie Wirtschafts- und Forschungsbereichen.\u00a0<\/p>\n<p>[\/et_pb_blurb][\/et_pb_column][et_pb_column type=&#8221;1_3&#8243; _builder_version=&#8221;4.4.6&#8243;][et_pb_blurb title=&#8221;STEAM \u2013 Volle Kraft voraus&#8221; use_icon=&#8221;on&#8221; font_icon=&#8221;%%707%%&#8221; _builder_version=&#8221;4.7.4&#8243; header_level=&#8221;h2&#8243; text_orientation=&#8221;center&#8221; hover_enabled=&#8221;0&#8243; sticky_enabled=&#8221;0&#8243;]<\/p>\n<p>Wissenstransfer und Austausch zu Strategien und best practises\u00a0an den Schnittstellen von Wissenschaft x Forschung x Technologie\u00a0x Policy x Gr\u00fcnder*innengeist x Kultur- und Kreativbranche\u00a0<\/p>\n<p>[\/et_pb_blurb][\/et_pb_column][et_pb_column type=&#8221;1_3&#8243; _builder_version=&#8221;4.4.7&#8243;][et_pb_blurb title=&#8221;Vielfalt &#038; Nachhaltigkeit&#8221; use_icon=&#8221;on&#8221; font_icon=&#8221;%%594%%&#8221; _builder_version=&#8221;4.7.4&#8243; header_level=&#8221;h2&#8243; text_orientation=&#8221;center&#8221; hover_enabled=&#8221;0&#8243; sticky_enabled=&#8221;0&#8243;]<\/p>\n<p>Wertsch\u00e4tzung und St\u00e4rkung von Vielfalt in der Innovations- und Gr\u00fcnder*innenszene\u00a0sowie Synergieoptimierung mit Blick auf das Erreichen der SDGs und\u00a0st\u00e4rker gesamtgesellschaftlich- ausgerichtete Innovationen und Technologien\u00a0<\/p>\n<p>[\/et_pb_blurb][\/et_pb_column][\/et_pb_row][et_pb_row _builder_version=&#8221;4.4.7&#8243;][et_pb_column type=&#8221;4_4&#8243; _builder_version=&#8221;4.4.7&#8243;][et_pb_divider show_divider=&#8221;off&#8221; _builder_version=&#8221;4.4.7&#8243;][\/et_pb_divider][\/et_pb_column][\/et_pb_row][\/et_pb_section][et_pb_section fb_built=&#8221;1&#8243; _builder_version=&#8221;4.4.7&#8243; background_color=&#8221;#003c4d&#8221; custom_padding=&#8221;||0px||false|false&#8221;][et_pb_row _builder_version=&#8221;4.4.6&#8243;][et_pb_column type=&#8221;4_4&#8243; _builder_version=&#8221;4.4.6&#8243;][et_pb_text _builder_version=&#8221;4.4.7&#8243; text_orientation=&#8221;center&#8221; background_layout=&#8221;dark&#8221;]<\/p>\n<h1>Our Services<\/h1>\n<p>[\/et_pb_text][\/et_pb_column][\/et_pb_row][et_pb_row column_structure=&#8221;1_4,1_4,1_4,1_4&#8243; _builder_version=&#8221;4.4.6&#8243; custom_padding=&#8221;||61px||false|false&#8221;][et_pb_column type=&#8221;1_4&#8243; _builder_version=&#8221;4.4.6&#8243;][et_pb_blurb title=&#8221;International Exchange&#8221; use_icon=&#8221;on&#8221; font_icon=&#8221;%%675%%&#8221; _builder_version=&#8221;4.4.7&#8243; header_level=&#8221;h2&#8243; text_orientation=&#8221;center&#8221; background_layout=&#8221;dark&#8221;]<\/p>\n<p>Connecting Entrepreneurs through Trade Missions, Matchmakings and other Formats, on- and offline<\/p>\n<p>[\/et_pb_blurb][\/et_pb_column][et_pb_column type=&#8221;1_4&#8243; _builder_version=&#8221;4.4.6&#8243;][et_pb_blurb title=&#8221;Global (Digital) Stages&#8221; use_icon=&#8221;on&#8221; font_icon=&#8221;%%682%%&#8221; _builder_version=&#8221;4.4.7&#8243; header_level=&#8221;h2&#8243; text_orientation=&#8221;center&#8221; background_layout=&#8221;dark&#8221;]<\/p>\n<p>Making the Most of Attending Conferences, Conventions and other Events<\/p>\n<p>[\/et_pb_blurb][\/et_pb_column][et_pb_column type=&#8221;1_4&#8243; _builder_version=&#8221;4.4.6&#8243;][et_pb_blurb title=&#8221;Pitch your Heart Out&#8221; use_icon=&#8221;on&#8221; font_icon=&#8221;%%552%%&#8221; _builder_version=&#8221;4.4.7&#8243; header_level=&#8221;h2&#8243; text_orientation=&#8221;center&#8221; background_layout=&#8221;dark&#8221;]<\/p>\n<p>Get Your Company in fighting shape for (our) Innovation Challenges, Pitch Competitions and Investor Meetings<\/p>\n<p>[\/et_pb_blurb][\/et_pb_column][et_pb_column type=&#8221;1_4&#8243; _builder_version=&#8221;4.4.7&#8243;][et_pb_blurb title=&#8221;SXSW &#8211; Hit the Ground Running&#8221; use_icon=&#8221;on&#8221; font_icon=&#8221;%%431%%&#8221; _builder_version=&#8221;4.4.7&#8243; header_level=&#8221;h2&#8243; text_orientation=&#8221;center&#8221; background_layout=&#8221;dark&#8221;]<\/p>\n<p>How to Austin &#8211; Make a Splash and bring home the Bacon from THE global Creative Entrepreneur Innovation Summit<\/p>\n<p>[\/et_pb_blurb][\/et_pb_column][\/et_pb_row][et_pb_row column_structure=&#8221;1_4,1_4,1_4,1_4&#8243; _builder_version=&#8221;4.4.6&#8243; custom_padding=&#8221;||61px||false|false&#8221;][et_pb_column type=&#8221;1_4&#8243; _builder_version=&#8221;4.4.6&#8243;][et_pb_blurb title=&#8221;There&#8217;s Gotta be More&#8221; use_icon=&#8221;on&#8221; font_icon=&#8221;%%684%%&#8221; _builder_version=&#8221;4.4.7&#8243; header_level=&#8221;h2&#8243; text_orientation=&#8221;center&#8221; background_layout=&#8221;dark&#8221;]<\/p>\n<p>Customized Concepts, innovative Formats and Content Curation to challenge the &#8220;been there-done that&#8221; rabbit hole<\/p>\n<p>[\/et_pb_blurb][\/et_pb_column][et_pb_column type=&#8221;1_4&#8243; _builder_version=&#8221;4.4.6&#8243;][et_pb_blurb title=&#8221;Match &#038; Mingle&#8221; use_icon=&#8221;on&#8221; font_icon=&#8221;%%711%%&#8221; _builder_version=&#8221;4.4.7&#8243; header_level=&#8221;h2&#8243; text_orientation=&#8221;center&#8221; background_layout=&#8221;dark&#8221;]<\/p>\n<p>Benefit from Curated Networking Formats and make meaningful professional connections<\/p>\n<p>[\/et_pb_blurb][\/et_pb_column][et_pb_column type=&#8221;1_4&#8243; _builder_version=&#8221;4.4.6&#8243;][et_pb_blurb title=&#8221;Taking Center Stage&#8221; use_icon=&#8221;on&#8221; font_icon=&#8221;%%473%%&#8221; _builder_version=&#8221;4.4.7&#8243; header_level=&#8221;h2&#8243; text_orientation=&#8221;center&#8221; background_layout=&#8221;dark&#8221;]<\/p>\n<p>Increasing Visibility through Optimized Communication and Digital Presentation<\/p>\n<p>[\/et_pb_blurb][\/et_pb_column][et_pb_column type=&#8221;1_4&#8243; _builder_version=&#8221;4.4.7&#8243;][\/et_pb_column][\/et_pb_row][\/et_pb_section]<\/p>\n","protected":false},"excerpt":{"rendered":"<p>[et_pb_section fb_built=&#8221;1&#8243; next_background_color=&#8221;#defbff&#8221; _builder_version=&#8221;4.6.6&#8243; _module_preset=&#8221;default&#8221; background_video_mp4=&#8221;https:\/\/gi.chgraf.com\/wp-content\/uploads\/2020\/06\/innovate_1400x600.mp4&#8243; bottom_divider_style=&#8221;slant2&#8243; bottom_divider_flip=&#8221;horizontal&#8221;][et_pb_row _builder_version=&#8221;4.6.6&#8243; _module_preset=&#8221;default&#8221;][et_pb_column type=&#8221;4_4&#8243; _builder_version=&#8221;4.6.6&#8243; _module_preset=&#8221;default&#8221;][et_pb_text _builder_version=&#8221;4.7.4&#8243; _module_preset=&#8221;default&#8221; background_layout=&#8221;dark&#8221; hover_enabled=&#8221;0&#8243; sticky_enabled=&#8221;0&#8243;] Leistungen [\/et_pb_text][\/et_pb_column][\/et_pb_row][\/et_pb_section][et_pb_section fb_built=&#8221;1&#8243; next_background_color=&#8221;#003c4d&#8221; _builder_version=&#8221;4.6.6&#8243; background_color=&#8221;#defbff&#8221; bottom_divider_style=&#8221;slant2&#8243; bottom_divider_flip=&#8221;horizontal&#8221;][et_pb_row _builder_version=&#8221;4.4.7&#8243; custom_margin=&#8221;0px||0px||false|false&#8221; custom_padding=&#8221;0px||||false|false&#8221;][et_pb_column type=&#8221;4_4&#8243; _builder_version=&#8221;4.4.7&#8243;][et_pb_text _builder_version=&#8221;4.7.4&#8243; text_orientation=&#8221;center&#8221; hover_enabled=&#8221;0&#8243; sticky_enabled=&#8221;0&#8243;] Unsere Arbeitsphilosophie [\/et_pb_text][\/et_pb_column][\/et_pb_row][et_pb_row column_structure=&#8221;1_3,1_3,1_3&#8243; _builder_version=&#8221;4.4.6&#8243; custom_padding=&#8221;||61px||false|false&#8221;][et_pb_column type=&#8221;1_3&#8243; _builder_version=&#8221;4.4.6&#8243;][et_pb_blurb title=&#8221;Innovation durch Kollaboration&#8221; use_icon=&#8221;on&#8221; font_icon=&#8221;%%710%%&#8221; _builder_version=&#8221;4.7.4&#8243; header_level=&#8221;h2&#8243; text_orientation=&#8221;center&#8221; hover_enabled=&#8221;0&#8243; sticky_enabled=&#8221;0&#8243;] St\u00e4rkung und [&hellip;]<\/p>\n","protected":false},"author":1,"featured_media":0,"parent":0,"menu_order":0,"comment_status":"closed","ping_status":"closed","template":"","meta":{"_et_pb_use_builder":"on","_et_pb_old_content":"","_et_gb_content_width":""},"_links":{"self":[{"href":"https:\/\/gi.chgraf.com\/en\/wp-json\/wp\/v2\/pages\/777"}],"collection":[{"href":"https:\/\/gi.chgraf.com\/en\/wp-json\/wp\/v2\/pages"}],"about":[{"href":"https:\/\/gi.chgraf.com\/en\/wp-json\/wp\/v2\/types\/page"}],"author":[{"embeddable":true,"href":"https:\/\/gi.chgraf.com\/en\/wp-json\/wp\/v2\/users\/1"}],"replies":[{"embeddable":true,"href":"https:\/\/gi.chgraf.com\/en\/wp-json\/wp\/v2\/comments?post=777"}],"version-history":[{"count":1,"href":"https:\/\/gi.chgraf.com\/en\/wp-json\/wp\/v2\/pages\/777\/revisions"}],"predecessor-version":[{"id":780,"href":"https:\/\/gi.chgraf.com\/en\/wp-json\/wp\/v2\/pages\/777\/revisions\/780"}],"wp:attachment":[{"href":"https:\/\/gi.chgraf.com\/en\/wp-json\/wp\/v2\/media?parent=777"}],"curies":[{"name":"wp","href":"https:\/\/api.w.org\/{rel}","templated":true}]}}